{"id":43,"date":"2022-12-31T03:50:12","date_gmt":"2022-12-31T03:50:12","guid":{"rendered":"https:\/\/tvb.adriankreuzer.de\/?page_id=43"},"modified":"2025-09-10T06:09:30","modified_gmt":"2025-09-10T06:09:30","slug":"homepage","status":"publish","type":"page","link":"https:\/\/tvb.adriankreuzer.de\/","title":{"rendered":"Sch\u00fcler- und Jugendfahrten"},"content":{"rendered":"<div class=\"wp-block-image is-style-default\">\n<figure class=\"aligncenter size-full is-resized\"><img loading=\"lazy\" decoding=\"async\" width=\"820\" height=\"312\" src=\"https:\/\/tvb.adriankreuzer.de\/wp-content\/uploads\/2022\/12\/banner.png\" alt=\"\" class=\"wp-image-19\" style=\"width:820px;height:312px\" srcset=\"https:\/\/tvb.adriankreuzer.de\/wp-content\/uploads\/2022\/12\/banner.png 820w, https:\/\/tvb.adriankreuzer.de\/wp-content\/uploads\/2022\/12\/banner-300x114.png 300w, https:\/\/tvb.adriankreuzer.de\/wp-content\/uploads\/2022\/12\/banner-768x292.png 768w\" sizes=\"auto, (max-width: 820px) 100vw, 820px\" \/><\/figure><\/div>\n\n<\/p>\n<p class=\"wp-block-preformatted has-black-color has-text-color has-medium-font-size\" style=\"text-align: center;\">Diese Seite ist ein Ableger der <code><a href=\"http:\/\/www.tvbuerstadt.de\">Web-Pr\u00e4senz des TV B\u00fcrstadt<\/a><\/code> und erf\u00fcllt den Zweck <br \/>der Auflistung der Sch\u00fcler- und Jugendfahrten in der laufenden Saison.<\/p>\n<\/p>\n\n\n<div class=\"wp-block-buttons is-content-justification-center is-layout-flex wp-container-core-buttons-is-layout-16018d1d wp-block-buttons-is-layout-flex\">\n<div class=\"wp-block-button has-custom-width wp-block-button__width-50 is-style-outline is-style-outline--1\"><a class=\"wp-block-button__link has-white-color has-text-color has-background wp-element-button\" href=\"https:\/\/tvb.adriankreuzer.de\/?page_id=67\" style=\"background-color:#079292\">Vorrunde 2025\/26 (Passwort erforderlich)<\/a><\/div>\n<\/div>\n","protected":false},"excerpt":{"rendered":"<p>Diese Seite ist ein Ableger der Web-Pr\u00e4senz des TV B\u00fcrstadt und erf\u00fcllt den Zweck der Auflistung der Sch\u00fcler- und Jugendfahrten in der laufenden Saison.<\/p>\n","protected":false},"author":1,"featured_media":0,"parent":0,"menu_order":0,"comment_status":"closed","ping_status":"closed","template":"","meta":{"footnotes":""},"class_list":["post-43","page","type-page","status-publish","hentry"],"_links":{"self":[{"href":"https:\/\/tvb.adriankreuzer.de\/index.php?rest_route=\/wp\/v2\/pages\/43","targetHints":{"allow":["GET"]}}],"collection":[{"href":"https:\/\/tvb.adriankreuzer.de\/index.php?rest_route=\/wp\/v2\/pages"}],"about":[{"href":"https:\/\/tvb.adriankreuzer.de\/index.php?rest_route=\/wp\/v2\/types\/page"}],"author":[{"embeddable":true,"href":"https:\/\/tvb.adriankreuzer.de\/index.php?rest_route=\/wp\/v2\/users\/1"}],"replies":[{"embeddable":true,"href":"https:\/\/tvb.adriankreuzer.de\/index.php?rest_route=%2Fwp%2Fv2%2Fcomments&post=43"}],"version-history":[{"count":48,"href":"https:\/\/tvb.adriankreuzer.de\/index.php?rest_route=\/wp\/v2\/pages\/43\/revisions"}],"predecessor-version":[{"id":501,"href":"https:\/\/tvb.adriankreuzer.de\/index.php?rest_route=\/wp\/v2\/pages\/43\/revisions\/501"}],"wp:attachment":[{"href":"https:\/\/tvb.adriankreuzer.de\/index.php?rest_route=%2Fwp%2Fv2%2Fmedia&parent=43"}],"curies":[{"name":"wp","href":"https:\/\/api.w.org\/{rel}","templated":true}]}}